{"id":324,"date":"2018-10-06T20:01:49","date_gmt":"2018-10-06T18:01:49","guid":{"rendered":"http:\/\/www.rv-geilenkirchen.de\/wordpress\/?page_id=324"},"modified":"2024-08-20T08:19:01","modified_gmt":"2024-08-20T06:19:01","slug":"324-2","status":"publish","type":"page","link":"http:\/\/www.rv-geilenkirchen.de\/wordpress\/324-2\/","title":{"rendered":"Aktuelle Informationen"},"content":{"rendered":"<div class=\"\" data-block=\"true\" data-editor=\"b4c0g\" data-offset-key=\"d3b52ee9-0-0\">\n<div class=\"\" data-block=\"true\" data-editor=\"b4c0g\" data-offset-key=\"d3b52ee9-0-0\">\n<h4 style=\"text-align: left;\" data-offset-key=\"d3b52ee9-0-0\"><em><strong>Zeiteinteilung\u00a0 f\u00fcr unser WBO-Turnier am 25. August 2024<\/strong><\/em><\/h4>\n<p data-offset-key=\"d3b52ee9-0-0\">Die Zeiteinteilung f\u00fcr unser WBO-Turnier mit Wertung zur Kreismeisterschaft ist nun online und hier zum Download verf\u00fcgbar.<\/p>\n<\/div>\n<p><a href=\"http:\/\/www.rv-geilenkirchen.de\/wordpress\/wp-content\/uploads\/2024\/08\/Zeiteinteilung-08-24-1.pdf\">Zeiteinteilung August 2024<\/a><\/p>\n<div style=\"text-align: left;\" data-offset-key=\"d3b52ee9-0-0\"><\/div>\n<p style=\"text-align: left;\" data-offset-key=\"d3b52ee9-0-0\">Bitte beachtet die Zeiten zum Abhaken.<\/p>\n<p style=\"text-align: left;\" data-offset-key=\"d3b52ee9-0-0\"><strong>Meldestelle: 0152-03750387 &#8211; Abhaken auch per WhatsApp m\u00f6glich.<\/strong><\/p>\n<p>Navigationsadresse: Gut Muthagen, 52511 Geilenkirchen<\/p>\n<p><strong>Wir danken unseren Sponsoren:<\/strong><\/p>\n<p>ComConsult GmbH, Sportpark Loherhof, Equiva Erkelenz, CTH Metallverarbeitung, Mobiler<br \/>\nReitunterricht Christiane Buderath, H\u00e4kelfliege<\/p>\n<div style=\"text-align: left;\" data-offset-key=\"d3b52ee9-0-0\">\n<div data-offset-key=\"d3b52ee9-0-0\"><a href=\"http:\/\/www.rv-geilenkirchen.de\/wordpress\/wp-content\/uploads\/2024\/08\/ComConsult-Logo.png\"><img loading=\"lazy\" decoding=\"async\" class=\"alignnone size-medium wp-image-1816\" src=\"http:\/\/www.rv-geilenkirchen.de\/wordpress\/wp-content\/uploads\/2024\/08\/ComConsult-Logo-300x63.png\" alt=\"\" width=\"300\" height=\"63\" srcset=\"http:\/\/www.rv-geilenkirchen.de\/wordpress\/wp-content\/uploads\/2024\/08\/ComConsult-Logo-300x63.png 300w, http:\/\/www.rv-geilenkirchen.de\/wordpress\/wp-content\/uploads\/2024\/08\/ComConsult-Logo-50x10.png 50w, http:\/\/www.rv-geilenkirchen.de\/wordpress\/wp-content\/uploads\/2024\/08\/ComConsult-Logo.png 507w\" sizes=\"(max-width: 300px) 100vw, 300px\" \/> <\/a><a href=\"http:\/\/www.rv-geilenkirchen.de\/wordpress\/wp-content\/uploads\/2024\/08\/Classen-Metall-Logo.png\"><img loading=\"lazy\" decoding=\"async\" class=\"alignright wp-image-1820 size-medium\" src=\"http:\/\/www.rv-geilenkirchen.de\/wordpress\/wp-content\/uploads\/2024\/08\/Classen-Metall-Logo-300x165.png\" alt=\"\" width=\"300\" height=\"165\" srcset=\"http:\/\/www.rv-geilenkirchen.de\/wordpress\/wp-content\/uploads\/2024\/08\/Classen-Metall-Logo-300x165.png 300w, http:\/\/www.rv-geilenkirchen.de\/wordpress\/wp-content\/uploads\/2024\/08\/Classen-Metall-Logo-50x27.png 50w, http:\/\/www.rv-geilenkirchen.de\/wordpress\/wp-content\/uploads\/2024\/08\/Classen-Metall-Logo.png 362w\" sizes=\"(max-width: 300px) 100vw, 300px\" \/><\/a><a href=\"http:\/\/www.rv-geilenkirchen.de\/wordpress\/wp-content\/uploads\/2024\/08\/Loherhof-Logo.png\"><img loading=\"lazy\" decoding=\"async\" class=\"alignnone size-medium wp-image-1821\" src=\"http:\/\/www.rv-geilenkirchen.de\/wordpress\/wp-content\/uploads\/2024\/08\/Loherhof-Logo-300x114.png\" alt=\"\" width=\"300\" height=\"114\" srcset=\"http:\/\/www.rv-geilenkirchen.de\/wordpress\/wp-content\/uploads\/2024\/08\/Loherhof-Logo-300x114.png 300w, http:\/\/www.rv-geilenkirchen.de\/wordpress\/wp-content\/uploads\/2024\/08\/Loherhof-Logo-50x19.png 50w, http:\/\/www.rv-geilenkirchen.de\/wordpress\/wp-content\/uploads\/2024\/08\/Loherhof-Logo.png 357w\" sizes=\"(max-width: 300px) 100vw, 300px\" \/><\/a><a href=\"http:\/\/www.rv-geilenkirchen.de\/wordpress\/wp-content\/uploads\/2024\/08\/Equiva-Logo.png\"><img loading=\"lazy\" decoding=\"async\" class=\"wp-image-1819 size-full alignleft\" src=\"http:\/\/www.rv-geilenkirchen.de\/wordpress\/wp-content\/uploads\/2024\/08\/Equiva-Logo.png\" alt=\"\" width=\"194\" height=\"189\" srcset=\"http:\/\/www.rv-geilenkirchen.de\/wordpress\/wp-content\/uploads\/2024\/08\/Equiva-Logo.png 194w, http:\/\/www.rv-geilenkirchen.de\/wordpress\/wp-content\/uploads\/2024\/08\/Equiva-Logo-50x50.png 50w\" sizes=\"(max-width: 194px) 100vw, 194px\" \/><\/a><a href=\"http:\/\/www.rv-geilenkirchen.de\/wordpress\/wp-content\/uploads\/2024\/08\/Christiane-Buderath-Logo.png\"><img loading=\"lazy\" decoding=\"async\" class=\"alignnone size-full wp-image-1818\" src=\"http:\/\/www.rv-geilenkirchen.de\/wordpress\/wp-content\/uploads\/2024\/08\/Christiane-Buderath-Logo.png\" alt=\"\" width=\"227\" height=\"190\" srcset=\"http:\/\/www.rv-geilenkirchen.de\/wordpress\/wp-content\/uploads\/2024\/08\/Christiane-Buderath-Logo.png 227w, http:\/\/www.rv-geilenkirchen.de\/wordpress\/wp-content\/uploads\/2024\/08\/Christiane-Buderath-Logo-50x42.png 50w\" sizes=\"(max-width: 227px) 100vw, 227px\" \/><\/a><a href=\"http:\/\/www.rv-geilenkirchen.de\/wordpress\/wp-content\/uploads\/2024\/08\/Haekelfliege-Logo.png\"><img loading=\"lazy\" decoding=\"async\" class=\"alignnone size-full wp-image-1817\" src=\"http:\/\/www.rv-geilenkirchen.de\/wordpress\/wp-content\/uploads\/2024\/08\/Haekelfliege-Logo.png\" alt=\"\" width=\"158\" height=\"168\" srcset=\"http:\/\/www.rv-geilenkirchen.de\/wordpress\/wp-content\/uploads\/2024\/08\/Haekelfliege-Logo.png 158w, http:\/\/www.rv-geilenkirchen.de\/wordpress\/wp-content\/uploads\/2024\/08\/Haekelfliege-Logo-47x50.png 47w\" sizes=\"(max-width: 158px) 100vw, 158px\" \/><\/a><\/div>\n<p>&nbsp;<\/p>\n<\/div>\n<\/div>\n<div data-offset-key=\"d3b52ee9-0-0\">\n<hr \/>\n<\/div>\n<div data-offset-key=\"d3b52ee9-0-0\"><em><strong>Sport, Spiel &amp; Spa\u00df beim Voltigieren &#8211; Freie Pl\u00e4tze zu vergeben<\/strong><\/em><\/div>\n<div class=\"\" data-block=\"true\" data-editor=\"b4c0g\" data-offset-key=\"ig7h3979-0-0\">\n<div class=\"public-DraftStyleDefault-block public-DraftStyleDefault-ltr\" data-offset-key=\"ig7h3979-0-0\"><span data-offset-key=\"ig7h3979-0-0\">\u00a0<\/span><\/div>\n<\/div>\n<div class=\"\" data-block=\"true\" data-editor=\"b4c0g\" data-offset-key=\"7n9phe00-0-0\">\n<div class=\"public-DraftStyleDefault-block public-DraftStyleDefault-ltr\" data-offset-key=\"7n9phe00-0-0\"><span data-offset-key=\"7n9phe00-0-0\"><a href=\"http:\/\/www.rv-geilenkirchen.de\/wordpress\/wp-content\/uploads\/2024\/08\/WhatsApp-Image-2024-08-07-at-21.58.30-1.jpeg\"><img loading=\"lazy\" decoding=\"async\" class=\"alignleft wp-image-1804\" src=\"http:\/\/www.rv-geilenkirchen.de\/wordpress\/wp-content\/uploads\/2024\/08\/WhatsApp-Image-2024-08-07-at-21.58.30-1-225x300.jpeg\" alt=\"\" width=\"195\" height=\"260\" srcset=\"http:\/\/www.rv-geilenkirchen.de\/wordpress\/wp-content\/uploads\/2024\/08\/WhatsApp-Image-2024-08-07-at-21.58.30-1-225x300.jpeg 225w, http:\/\/www.rv-geilenkirchen.de\/wordpress\/wp-content\/uploads\/2024\/08\/WhatsApp-Image-2024-08-07-at-21.58.30-1-768x1024.jpeg 768w, http:\/\/www.rv-geilenkirchen.de\/wordpress\/wp-content\/uploads\/2024\/08\/WhatsApp-Image-2024-08-07-at-21.58.30-1-1152x1536.jpeg 1152w, http:\/\/www.rv-geilenkirchen.de\/wordpress\/wp-content\/uploads\/2024\/08\/WhatsApp-Image-2024-08-07-at-21.58.30-1-38x50.jpeg 38w, http:\/\/www.rv-geilenkirchen.de\/wordpress\/wp-content\/uploads\/2024\/08\/WhatsApp-Image-2024-08-07-at-21.58.30-1.jpeg 1200w\" sizes=\"(max-width: 195px) 100vw, 195px\" \/><\/a><\/span><\/div>\n<div class=\"public-DraftStyleDefault-block public-DraftStyleDefault-ltr\" data-offset-key=\"7n9phe00-0-0\"><span data-offset-key=\"7n9phe00-0-0\">Voltigieren mit seinen turnerischen Elementen vereint viele wertvolle \u00dcbungen, die spielerisch an den Umgang mit dem Pferd und das Turnen auf dem Pferd heranf\u00fchren. <\/span><\/div>\n<\/div>\n<div class=\"\" data-block=\"true\" data-editor=\"b4c0g\" data-offset-key=\"fu0s5439-0-0\">\n<div class=\"public-DraftStyleDefault-block public-DraftStyleDefault-ltr\" data-offset-key=\"fu0s5439-0-0\"><span data-offset-key=\"fu0s5439-0-0\">\u00a0<\/span><\/div>\n<\/div>\n<div class=\"\" data-block=\"true\" data-editor=\"b4c0g\" data-offset-key=\"ak582b52-0-0\">\n<div class=\"public-DraftStyleDefault-block public-DraftStyleDefault-ltr\" data-offset-key=\"ak582b52-0-0\"><span data-offset-key=\"ak582b52-0-0\">Um unseren Nachwuchs weiter gezielt f\u00f6rdern zu k\u00f6nnen, bieten wir wieder freie Pl\u00e4tze in unserer Voltigierstunde an. <\/span><\/div>\n<\/div>\n<div class=\"\" data-block=\"true\" data-editor=\"b4c0g\" data-offset-key=\"9a5saa9a-0-0\">\n<div class=\"public-DraftStyleDefault-block public-DraftStyleDefault-ltr\" data-offset-key=\"9a5saa9a-0-0\"><span data-offset-key=\"9a5saa9a-0-0\">\u00a0<\/span><\/div>\n<\/div>\n<div class=\"\" data-block=\"true\" data-editor=\"b4c0g\" data-offset-key=\"fj1v3b5c-0-0\">\n<div data-offset-key=\"fj1v3b5c-0-0\"><\/div>\n<div data-offset-key=\"fj1v3b5c-0-0\"><\/div>\n<div data-offset-key=\"fj1v3b5c-0-0\"><\/div>\n<div data-offset-key=\"fj1v3b5c-0-0\"><\/div>\n<div class=\"public-DraftStyleDefault-block public-DraftStyleDefault-ltr\" data-offset-key=\"fj1v3b5c-0-0\"><span data-offset-key=\"fj1v3b5c-0-0\">Gesucht werden:<\/span><\/div>\n<\/div>\n<div class=\"\" data-block=\"true\" data-editor=\"b4c0g\" data-offset-key=\"8gn1gdf2-0-0\">\n<div class=\"public-DraftStyleDefault-block public-DraftStyleDefault-ltr\" data-offset-key=\"8gn1gdf2-0-0\"><span data-offset-key=\"8gn1gdf2-0-0\">&#8211; interessierte Kinder ab 8 Jahren (keine weitere Altersgrenze)<\/span><\/div>\n<\/div>\n<div class=\"\" data-block=\"true\" data-editor=\"b4c0g\" data-offset-key=\"6to058dd-0-0\">\n<div class=\"public-DraftStyleDefault-block public-DraftStyleDefault-ltr\" data-offset-key=\"6to058dd-0-0\"><span data-offset-key=\"6to058dd-0-0\">&#8211; \u2060Interesse, den Umgang mit Pferd zu erlernen<\/span><\/div>\n<\/div>\n<div class=\"\" data-block=\"true\" data-editor=\"b4c0g\" data-offset-key=\"6ul4v26a-0-0\">\n<div class=\"public-DraftStyleDefault-block public-DraftStyleDefault-ltr\" data-offset-key=\"6ul4v26a-0-0\"><span data-offset-key=\"6ul4v26a-0-0\">&#8211; \u2060Spa\u00df mit Pferden<\/span><\/div>\n<\/div>\n<div class=\"\" data-block=\"true\" data-editor=\"b4c0g\" data-offset-key=\"1mak8c2d-0-0\">\n<div class=\"public-DraftStyleDefault-block public-DraftStyleDefault-ltr\" data-offset-key=\"1mak8c2d-0-0\"><span data-offset-key=\"1mak8c2d-0-0\">&#8211; \u2060Spa\u00df an der Bewegung und sportlicher Weiterentwicklung <\/span><\/div>\n<\/div>\n<div class=\"\" data-block=\"true\" data-editor=\"b4c0g\" data-offset-key=\"2l79ga51-0-0\">\n<div class=\"public-DraftStyleDefault-block public-DraftStyleDefault-ltr\" data-offset-key=\"2l79ga51-0-0\"><span data-offset-key=\"2l79ga51-0-0\">&#8211; \u2060Montags von 18-19 Uhr findet die Voltigierstunde statt<\/span><\/div>\n<\/div>\n<div class=\"\" data-block=\"true\" data-editor=\"b4c0g\" data-offset-key=\"9s4jjeaa-0-0\">\n<div class=\"public-DraftStyleDefault-block public-DraftStyleDefault-ltr\" data-offset-key=\"9s4jjeaa-0-0\"><span data-offset-key=\"9s4jjeaa-0-0\">\u00a0<\/span><\/div>\n<\/div>\n<div class=\"\" data-block=\"true\" data-editor=\"b4c0g\" data-offset-key=\"8hild542-0-0\">\n<div class=\"public-DraftStyleDefault-block public-DraftStyleDefault-ltr\" data-offset-key=\"8hild542-0-0\"><span data-offset-key=\"8hild542-0-0\"><span data-offset-key=\"8hild542-0-0\">Ihr f\u00fchlt Euch angesprochen und habt Lust, unsere bunte Volti-Truppe und unser Voltigier-Pferd Imperio kennenzulernen? <\/span><\/span><\/div>\n<div data-offset-key=\"8hild542-0-0\"><\/div>\n<div class=\"public-DraftStyleDefault-block public-DraftStyleDefault-ltr\" data-offset-key=\"8hild542-0-0\"><span data-offset-key=\"8hild542-0-0\"><span data-offset-key=\"8hild542-0-0\">Dann nehmt gerne Kontakt mit Nele Kouchen unter +49 1578 8966691 auf. Vielleicht sehen wir uns ja schon bald am Stall \ud83d\ude42<\/span><\/span><\/div>\n<div data-offset-key=\"8hild542-0-0\"><\/div>\n<\/div>\n","protected":false},"excerpt":{"rendered":"<p>Zeiteinteilung\u00a0 f\u00fcr unser WBO-Turnier am 25. August 2024 Die Zeiteinteilung f\u00fcr unser WBO-Turnier mit Wertung zur Kreismeisterschaft ist nun online und hier zum Download verf\u00fcgbar. Zeiteinteilung August 2024 Bitte beachtet die Zeiten zum Abhaken. Meldestelle: 0152-03750387 &#8211; Abhaken auch per WhatsApp m\u00f6glich. Navigationsadresse: Gut Muthagen, 52511 Geilenkirchen Wir danken unseren Sponsoren: ComConsult GmbH, Sportpark Loherhof, &hellip; <a href=\"http:\/\/www.rv-geilenkirchen.de\/wordpress\/324-2\/\" class=\"more-link\"><span class=\"screen-reader-text\">Aktuelle Informationen<\/span> weiterlesen<\/a><\/p>\n","protected":false},"author":1,"featured_media":0,"parent":0,"menu_order":0,"comment_status":"closed","ping_status":"closed","template":"","meta":{"footnotes":""},"wppr_data":{"cwp_meta_box_check":"No"},"_links":{"self":[{"href":"http:\/\/www.rv-geilenkirchen.de\/wordpress\/wp-json\/wp\/v2\/pages\/324"}],"collection":[{"href":"http:\/\/www.rv-geilenkirchen.de\/wordpress\/wp-json\/wp\/v2\/pages"}],"about":[{"href":"http:\/\/www.rv-geilenkirchen.de\/wordpress\/wp-json\/wp\/v2\/types\/page"}],"author":[{"embeddable":true,"href":"http:\/\/www.rv-geilenkirchen.de\/wordpress\/wp-json\/wp\/v2\/users\/1"}],"replies":[{"embeddable":true,"href":"http:\/\/www.rv-geilenkirchen.de\/wordpress\/wp-json\/wp\/v2\/comments?post=324"}],"version-history":[{"count":14,"href":"http:\/\/www.rv-geilenkirchen.de\/wordpress\/wp-json\/wp\/v2\/pages\/324\/revisions"}],"predecessor-version":[{"id":1830,"href":"http:\/\/www.rv-geilenkirchen.de\/wordpress\/wp-json\/wp\/v2\/pages\/324\/revisions\/1830"}],"wp:attachment":[{"href":"http:\/\/www.rv-geilenkirchen.de\/wordpress\/wp-json\/wp\/v2\/media?parent=324"}],"curies":[{"name":"wp","href":"https:\/\/api.w.org\/{rel}","templated":true}]}}