{"id":160,"date":"2018-01-05T15:02:53","date_gmt":"2018-01-05T14:02:53","guid":{"rendered":"http:\/\/www.rv-geilenkirchen.de\/wordpress\/?page_id=160"},"modified":"2018-10-07T12:58:59","modified_gmt":"2018-10-07T10:58:59","slug":"historie","status":"publish","type":"page","link":"http:\/\/www.rv-geilenkirchen.de\/wordpress\/wir-ueber-uns\/historie\/","title":{"rendered":"Vereinsgeschichte"},"content":{"rendered":"<p><b>Die Historie des Reitervereins Geilenkirchen<\/b><\/p>\n<table id=\"Tabelle1\" border=\"0\" width=\"100%\" cellspacing=\"1\" cellpadding=\"1\">\n<tbody>\n<tr>\n<td align=\"LEFT\" valign=\"TOP\" width=\"192\">27. Juli 1907<\/td>\n<td align=\"LEFT\" valign=\"TOP\" width=\"408\">Gr\u00fcndung  des Vereins,<br \/>\n1. Vorsitzender Wilhelm Jansen<\/td>\n<\/tr>\n<tr>\n<td align=\"LEFT\" valign=\"TOP\">08. September 1907<\/td>\n<td align=\"LEFT\" valign=\"TOP\">Durchf\u00fchrung des ersten Pferderennens<\/td>\n<\/tr>\n<tr>\n<td align=\"LEFT\" valign=\"TOP\">07. August 1910<\/td>\n<td align=\"LEFT\" valign=\"TOP\">Durchf\u00fchrung des 4. Rennens als Offiziersrennen unter Einbeziehung der umliegenden Garnisonen unter dem Protektorat des Generalleutnants Franz Frhr. von Eynatten.<\/td>\n<\/tr>\n<tr>\n<td align=\"LEFT\" valign=\"TOP\">1913 \u2013 1919<\/td>\n<td align=\"LEFT\" valign=\"TOP\">Ruhen des Vereins aufgrund der Kriegswirren<\/td>\n<\/tr>\n<tr>\n<td align=\"LEFT\" valign=\"TOP\">03. Oktober 1920<\/td>\n<td align=\"LEFT\" valign=\"TOP\">Erstes Rennen nach dem Krieg<\/td>\n<tr>\n<td align=\"LEFT\" valign=\"TOP\">16. Juli 1922<\/td>\n<td align=\"LEFT\" valign=\"TOP\">Jubil\u00e4umsrennen anl\u00e4sslich des 15-j\u00e4hrigen Bestehens<\/td>\n<\/tr>\n<tr>\n<td align=\"LEFT\" valign=\"TOP\">1925 \u2013 1948<\/td>\n<td align=\"LEFT\" valign=\"TOP\">Keine wesentlichen sportlichen Aktivit\u00e4ten, ein Turnier ist im Jahr 1937 dokumentiert.<\/td>\n<\/tr>\n<tr>\n<td align=\"LEFT\" valign=\"TOP\">07. September 1937<\/td>\n<td align=\"LEFT\" valign=\"TOP\">Der im Alter von 61 Jahren verstorbene Vereinsvorsitzende Wilhelm Jansen wird mit gro\u00dfer Beteiligung zu Grabe getragen.<\/td>\n<\/tr>\n<tr>\n<td align=\"LEFT\" valign=\"TOP\">20. Januar 1948<\/td>\n<td align=\"LEFT\" valign=\"TOP\">1. Mitgliederversammlung nach dem Krieg. Albert Jansen wird zum Vorsitzenden gew\u00e4hlt.<\/td>\n<\/tr>\n<tr>\n<td align=\"LEFT\" valign=\"TOP\">06. Mai 1948<\/td>\n<td align=\"LEFT\" valign=\"TOP\">1. gro\u00dfes Reit- und Fahrturnier nach dem Krieg.<br \/>\nMit \u00fcber 10.000 Zuschauern auch noch heute die gr\u00f6\u00dfte Veranstaltung des Vereins.<\/td>\n<\/tr>\n<tr>\n<td><\/td>\n<td align=\"LEFT\" valign=\"TOP\">In den Folgejahren regelm\u00e4\u00dfig weitere Turniere<\/td>\n<\/tr>\n<tr>\n<td align=\"LEFT\" valign=\"TOP\">23. Mai 1953<\/td>\n<td align=\"LEFT\" valign=\"TOP\">\u00dcberreichung und kirchliche Weihe der Vereinsstandarte<\/td>\n<\/tr>\n<tr>\n<td align=\"LEFT\" valign=\"TOP\">26. Juni 1955<\/td>\n<td align=\"LEFT\" valign=\"TOP\">Beim gro\u00dfen Turnier siegte erstmals eine Amazone in der h\u00f6chsten ausgetragenen Springpr\u00fcfung (M-Springen)<\/td>\n<\/tr>\n<tr>\n<td align=\"LEFT\" valign=\"TOP\">1957<\/td>\n<td align=\"LEFT\" valign=\"TOP\">Feierlichkeiten zum 50j\u00e4hrigen Vereinsbestehen. Auftakt der Jubil\u00e4umsfeierlichkeiten ist ein gl\u00e4nzender Ball in der neu errichteten Stadthalle.<\/td>\n<\/tr>\n<tr>\n<td align=\"LEFT\" valign=\"TOP\">1964<\/td>\n<td align=\"LEFT\" valign=\"TOP\">Eberhard Schulte-B\u00f6cker wird Vorsitzender des Vereins und bekleidet dieses Amt die n\u00e4chsten 40 Jahre.<\/td>\n<\/tr>\n<tr>\n<td align=\"LEFT\" valign=\"TOP\">1968<\/td>\n<td align=\"LEFT\" valign=\"TOP\">Der Reiterverein nimmt seinen Sitz auf dem Rittergut Muthagen im freien Feld vor Geilenkirchen und errichtet eine eigene Reithalle mit Casino.<\/td>\n<\/tr>\n<tr>\n<td align=\"LEFT\" valign=\"TOP\">1968<\/td>\n<td align=\"LEFT\" valign=\"TOP\">Erstmalig wird ein Turnier auf den Schlosswiesen des Schlosses Trips veranstaltet, das seitdem alle 2 Jahre stattfindet.<\/td>\n<\/tr>\n<tr>\n<td align=\"LEFT\" valign=\"TOP\">1976<\/td>\n<td align=\"LEFT\" valign=\"TOP\">Mit Sabine Zimmermann wird ein Mitglied des Vereins Europameisterin in der Dressur f\u00fcr Kleinpferde.<\/td>\n<\/tr>\n<tr>\n<td align=\"LEFT\" valign=\"TOP\">1977<\/td>\n<td align=\"LEFT\" valign=\"TOP\">Vereinsmitglied Dirk Schnitzler wird Bundessieger mit der Mannschaft im Vierkampf.<\/td>\n<\/tr>\n<tr>\n<td align=\"LEFT\" valign=\"TOP\">1980<\/td>\n<td align=\"LEFT\" valign=\"TOP\">Der Reiterverein ist Ausrichter der Kreismeisterschaft des Kreises Heinsberg.<\/td>\n<\/tr>\n<tr>\n<td align=\"LEFT\" valign=\"TOP\">12. Mai 2003<\/td>\n<td align=\"LEFT\" valign=\"TOP\">Wilfried Erdweg wird zum neuen Vorsitzenden gew\u00e4hlt;<br \/>\nEberhard Schulte-B\u00f6cker wird Ehrenvorsitzender.<\/td>\n<\/tr>\n<tr>\n<td align=\"LEFT\" valign=\"TOP\">08. \u2013 10. September 2006<\/td>\n<td align=\"LEFT\" valign=\"TOP\">Der Reiterverein ist wieder Ausrichter der Kreismeisterschaft.<\/td>\n<\/tr>\n<tr>\n<td>11. &#8211; 12. August 2007<\/td>\n<td>Feiern zum 100-j\u00e4hrigen Bestehen des Reitervereins auf den Schlo\u00dfwiesen Trips.<\/td>\n<\/tr>\n<tr>\n<td>25. Oktober 2008<\/td>\n<td>Auszeichnung mit der Sportplakette des Bundespr\u00e4sidenten<\/td>\n<\/tr>\n<\/tbody>\n<\/table>\n","protected":false},"excerpt":{"rendered":"<p>Die Historie des Reitervereins Geilenkirchen 27. Juli 1907 Gr\u00fcndung des Vereins, 1. Vorsitzender Wilhelm Jansen 08. September 1907 Durchf\u00fchrung des ersten Pferderennens 07. August 1910 Durchf\u00fchrung des 4. Rennens als Offiziersrennen unter Einbeziehung der umliegenden Garnisonen unter dem Protektorat des Generalleutnants Franz Frhr. von Eynatten. 1913 \u2013 1919 Ruhen des Vereins aufgrund der Kriegswirren 03. &hellip; <a href=\"http:\/\/www.rv-geilenkirchen.de\/wordpress\/wir-ueber-uns\/historie\/\" class=\"more-link\"><span class=\"screen-reader-text\">Vereinsgeschichte<\/span> weiterlesen<\/a><\/p>\n","protected":false},"author":1,"featured_media":0,"parent":130,"menu_order":0,"comment_status":"closed","ping_status":"closed","template":"","meta":{"footnotes":""},"wppr_data":{"cwp_meta_box_check":"No"},"_links":{"self":[{"href":"http:\/\/www.rv-geilenkirchen.de\/wordpress\/wp-json\/wp\/v2\/pages\/160"}],"collection":[{"href":"http:\/\/www.rv-geilenkirchen.de\/wordpress\/wp-json\/wp\/v2\/pages"}],"about":[{"href":"http:\/\/www.rv-geilenkirchen.de\/wordpress\/wp-json\/wp\/v2\/types\/page"}],"author":[{"embeddable":true,"href":"http:\/\/www.rv-geilenkirchen.de\/wordpress\/wp-json\/wp\/v2\/users\/1"}],"replies":[{"embeddable":true,"href":"http:\/\/www.rv-geilenkirchen.de\/wordpress\/wp-json\/wp\/v2\/comments?post=160"}],"version-history":[{"count":5,"href":"http:\/\/www.rv-geilenkirchen.de\/wordpress\/wp-json\/wp\/v2\/pages\/160\/revisions"}],"predecessor-version":[{"id":419,"href":"http:\/\/www.rv-geilenkirchen.de\/wordpress\/wp-json\/wp\/v2\/pages\/160\/revisions\/419"}],"up":[{"embeddable":true,"href":"http:\/\/www.rv-geilenkirchen.de\/wordpress\/wp-json\/wp\/v2\/pages\/130"}],"wp:attachment":[{"href":"http:\/\/www.rv-geilenkirchen.de\/wordpress\/wp-json\/wp\/v2\/media?parent=160"}],"curies":[{"name":"wp","href":"https:\/\/api.w.org\/{rel}","templated":true}]}}