{"id":142,"date":"2018-01-05T14:51:43","date_gmt":"2018-01-05T13:51:43","guid":{"rendered":"http:\/\/www.rv-geilenkirchen.de\/wordpress\/?page_id=142"},"modified":"2025-11-16T10:35:49","modified_gmt":"2025-11-16T09:35:49","slug":"downloads","status":"publish","type":"page","link":"http:\/\/www.rv-geilenkirchen.de\/wordpress\/downloads\/","title":{"rendered":"Downloads"},"content":{"rendered":"<p><a href=\"http:\/\/www.rv-geilenkirchen.de\/wordpress\/wp-content\/uploads\/2025\/11\/Aufnahmeantrag_2025_V2.pdf\">Aufnahmeantrag<\/a><\/p>\n<p><a href=\"http:\/\/www.rv-geilenkirchen.de\/data\/downloads\/aenderungsformular.pdf\" target=\"_blank\" rel=\"noopener\">\u00c4nderungsformular<\/a><\/p>\n<p><a href=\"http:\/\/www.rv-geilenkirchen.de\/data\/downloads\/formularlastschrift.pdf\" target=\"_blank\" rel=\"noopener\">Einzugserm\u00e4chtigung<\/a><\/p>\n<p><a href=\"http:\/\/www.rv-geilenkirchen.de\/data\/downloads\/satzung.pdf\" target=\"_blank\" rel=\"noopener\">Satzung des Reitervereins Geilenkirchen<\/a><\/p>\n<p><a href=\"http:\/\/www.rv-geilenkirchen.de\/wordpress\/wp-content\/uploads\/2022\/12\/Beitragsordnung-012023-1.pdf\">Beitragsordnung<\/a><\/p>\n<p><a href=\"http:\/\/www.rv-geilenkirchen.de\/wordpress\/wp-content\/uploads\/2024\/06\/Ergaenzung-zur-Beitragsordnung-April-2024.pdf\">Erg\u00e4nzung zur Beitragsordnung April 2024<\/a><\/p>\n<p><a href=\"http:\/\/www.rv-geilenkirchen.de\/wordpress\/wp-content\/uploads\/2022\/12\/Gebuehren-Reitstunden-012023.pdf\">Informationen zu den Vereins-Schulstunden<\/a><\/p>\n<p><a href=\"http:\/\/www.rv-geilenkirchen.de\/wordpress\/wp-content\/uploads\/2023\/03\/Reitbetriebsordnung-RV-GK_2023_01_30.pdf\">Reitbetriebsordnung<\/a><\/p>\n","protected":false},"excerpt":{"rendered":"<p>Aufnahmeantrag \u00c4nderungsformular Einzugserm\u00e4chtigung Satzung des Reitervereins Geilenkirchen Beitragsordnung Erg\u00e4nzung zur Beitragsordnung April 2024 Informationen zu den Vereins-Schulstunden Reitbetriebsordnung<\/p>\n","protected":false},"author":1,"featured_media":0,"parent":0,"menu_order":0,"comment_status":"closed","ping_status":"closed","template":"","meta":{"footnotes":""},"wppr_data":{"cwp_meta_box_check":"No"},"_links":{"self":[{"href":"http:\/\/www.rv-geilenkirchen.de\/wordpress\/wp-json\/wp\/v2\/pages\/142"}],"collection":[{"href":"http:\/\/www.rv-geilenkirchen.de\/wordpress\/wp-json\/wp\/v2\/pages"}],"about":[{"href":"http:\/\/www.rv-geilenkirchen.de\/wordpress\/wp-json\/wp\/v2\/types\/page"}],"author":[{"embeddable":true,"href":"http:\/\/www.rv-geilenkirchen.de\/wordpress\/wp-json\/wp\/v2\/users\/1"}],"replies":[{"embeddable":true,"href":"http:\/\/www.rv-geilenkirchen.de\/wordpress\/wp-json\/wp\/v2\/comments?post=142"}],"version-history":[{"count":11,"href":"http:\/\/www.rv-geilenkirchen.de\/wordpress\/wp-json\/wp\/v2\/pages\/142\/revisions"}],"predecessor-version":[{"id":1856,"href":"http:\/\/www.rv-geilenkirchen.de\/wordpress\/wp-json\/wp\/v2\/pages\/142\/revisions\/1856"}],"wp:attachment":[{"href":"http:\/\/www.rv-geilenkirchen.de\/wordpress\/wp-json\/wp\/v2\/media?parent=142"}],"curies":[{"name":"wp","href":"https:\/\/api.w.org\/{rel}","templated":true}]}}