{"id":130,"date":"2018-01-05T14:50:07","date_gmt":"2018-01-05T13:50:07","guid":{"rendered":"http:\/\/www.rv-geilenkirchen.de\/wordpress\/?page_id=130"},"modified":"2024-07-02T09:03:58","modified_gmt":"2024-07-02T07:03:58","slug":"wir-ueber-uns","status":"publish","type":"page","link":"http:\/\/www.rv-geilenkirchen.de\/wordpress\/wir-ueber-uns\/","title":{"rendered":"Der Verein"},"content":{"rendered":"<p>Der Reiterverein 1907 Geilenkirchen e.V. wurde im Jahre 1907 gegr\u00fcndet und wurde im Jahre 2008 f\u00fcr sein 100j\u00e4hriges Bestehen mit der Sportplakette des Bundespr\u00e4sidenten ausgezeichnet. Mit \u00fcber 300 Mitgliedern ist er einer der mitgliederst\u00e4rksten Reitvereine im Kreis Heinsberg.<\/p>\n<p>Der Reiterverein Geilenkirchen ist auf dem Rittergut Muthagen ans\u00e4ssig und verf\u00fcgt \u00fcber<br \/>\n&#8211; eine Reithalle (20x40m), ausger\u00fcstet mit einer Mounty-Aufstiegshilfe,<br \/>\n&#8211; eine Longierhalle (20x20m),<br \/>\n&#8211; einen Au\u00dfenreitplatz (20x60m), ausger\u00fcstet mit Ebbe-Flut-System,<br \/>\n&#8211; einen Au\u00dfenreitplatz (20x40m),<br \/>\n&#8211; ein Reiterst\u00fcbchen mit Blick in die Reithalle.<\/p>\n<p>Mitglieder des Reitervereins haben die M\u00f6glichkeit, an den Vereinsstunden im Voltigieren teilzunehmen. Hierf\u00fcr stellen wir Schulpferde zur Verf\u00fcgung.<\/p>\n<p>Leider waren wir gezwungen, den Reitunterricht auf unseren vereinseigenen Schulpferden zum 30. Juni 2024 einzustellen. Dies ist nat\u00fcrlich nicht in Stein gemei\u00dfelt und sobald sich eine neue M\u00f6glichkeit bietet, werden wir den Schulbetrieb entweder in alter oder in ganz neuer Form wieder aufleben lassen. Stay tuned, wir werden berichten <span class=\"x19la9d6 x1fc57z9 x6ikm8r x10wlt62 x19co3pv x1g5zs5t xfibh0p xiy17q3 x1xsqp64 x1lkfr7t xexx8yu x4uap5 x18d9i69 xkhd6sd\"><span class=\"xrtxmta x1bhl96m\">\ud83d\ude42<\/span><\/span><\/p>\n<p><!--Der Reiterverein kooperiert mit der Dietrich-Bonhoeffer-Grundschule in\u00a0Herzogenrath. Neben verschiedenen weiteren Aktionen\u00a0werden einmal in der Woche Grundschulkinder mit Pferden vertraut gemacht und erhalten ersten Reitunterricht.--><\/p>\n","protected":false},"excerpt":{"rendered":"<p>Der Reiterverein 1907 Geilenkirchen e.V. wurde im Jahre 1907 gegr\u00fcndet und wurde im Jahre 2008 f\u00fcr sein 100j\u00e4hriges Bestehen mit der Sportplakette des Bundespr\u00e4sidenten ausgezeichnet. Mit \u00fcber 300 Mitgliedern ist er einer der mitgliederst\u00e4rksten Reitvereine im Kreis Heinsberg. Der Reiterverein Geilenkirchen ist auf dem Rittergut Muthagen ans\u00e4ssig und verf\u00fcgt \u00fcber &#8211; eine Reithalle (20x40m), ausger\u00fcstet &hellip; <a href=\"http:\/\/www.rv-geilenkirchen.de\/wordpress\/wir-ueber-uns\/\" class=\"more-link\"><span class=\"screen-reader-text\">Der Verein<\/span> weiterlesen<\/a><\/p>\n","protected":false},"author":1,"featured_media":0,"parent":0,"menu_order":0,"comment_status":"closed","ping_status":"closed","template":"","meta":{"footnotes":""},"wppr_data":{"cwp_meta_box_check":"No"},"_links":{"self":[{"href":"http:\/\/www.rv-geilenkirchen.de\/wordpress\/wp-json\/wp\/v2\/pages\/130"}],"collection":[{"href":"http:\/\/www.rv-geilenkirchen.de\/wordpress\/wp-json\/wp\/v2\/pages"}],"about":[{"href":"http:\/\/www.rv-geilenkirchen.de\/wordpress\/wp-json\/wp\/v2\/types\/page"}],"author":[{"embeddable":true,"href":"http:\/\/www.rv-geilenkirchen.de\/wordpress\/wp-json\/wp\/v2\/users\/1"}],"replies":[{"embeddable":true,"href":"http:\/\/www.rv-geilenkirchen.de\/wordpress\/wp-json\/wp\/v2\/comments?post=130"}],"version-history":[{"count":10,"href":"http:\/\/www.rv-geilenkirchen.de\/wordpress\/wp-json\/wp\/v2\/pages\/130\/revisions"}],"predecessor-version":[{"id":343,"href":"http:\/\/www.rv-geilenkirchen.de\/wordpress\/wp-json\/wp\/v2\/pages\/130\/revisions\/343"}],"wp:attachment":[{"href":"http:\/\/www.rv-geilenkirchen.de\/wordpress\/wp-json\/wp\/v2\/media?parent=130"}],"curies":[{"name":"wp","href":"https:\/\/api.w.org\/{rel}","templated":true}]}}