{"id":1128,"date":"2020-01-09T07:21:54","date_gmt":"2020-01-09T06:21:54","guid":{"rendered":"http:\/\/www.rv-geilenkirchen.de\/wordpress\/?page_id=1128"},"modified":"2020-01-09T07:21:54","modified_gmt":"2020-01-09T06:21:54","slug":"es-war-einmal-2019","status":"publish","type":"page","link":"http:\/\/www.rv-geilenkirchen.de\/wordpress\/es-war-einmal-2\/es-war-einmal-2019\/","title":{"rendered":"Es war einmal &#8211; 2019"},"content":{"rendered":"<p style=\"text-align: left;\">16. Januar 2019<br \/>\nSitzung des Beirates<\/p>\n<p>20. Februar 2019<br \/>\nSitzung des Beirates<\/p>\n<p>30. M\u00e4rz 2019<br \/>\n<a href=\"http:\/\/www.rv-geilenkirchen.de\/wordpress\/wp-content\/uploads\/2019\/01\/2019-Sportmotorischer-Test.pdf\" target=\"_blank\" rel=\"noopener noreferrer\">Sportmotorischer Test f\u00fcr Voltigierer<\/a><\/p>\n<p>06. April 2019<br \/>\n<a href=\"http:\/\/www.rv-geilenkirchen.de\/wordpress\/2019\/03\/18\/test-of-choice-tag-mit-sabine-winkens-baehr\/\" target=\"_blank\" rel=\"noopener noreferrer\">Test-of-choice-Tag mit Sabine Winkens-B\u00e4hr<\/a><\/p>\n<p>11. April 2019<br \/>\nMitgliederversammlung<\/p>\n<p>22. April 2019<br \/>\n<a href=\"http:\/\/www.rv-geilenkirchen.de\/wordpress\/2019\/04\/14\/osterbrunch-am-ostermontag\/\" target=\"_blank\" rel=\"noopener noreferrer\">Osterbrunch in der Reiterstube<\/a><\/p>\n<p>27. April 2019<br \/>\nAnlagenpflege<\/p>\n<p>28. April 2019<br \/>\n<a href=\"http:\/\/www.rv-geilenkirchen.de\/wordpress\/2019\/03\/18\/sitzschulung-mit-anne-schagen\/\" target=\"_blank\" rel=\"noopener noreferrer\">Sitzschulung mit Anne Schagen<\/a><\/p>\n<p>05. Mai 2019<br \/>\n<a href=\"http:\/\/www.rv-geilenkirchen.de\/wordpress\/2019\/03\/27\/ausschreibung-zur-stadtmeisterschaft-2019\/\">Stadtmeisterschaft<\/a><\/p>\n<p>21. Mai 2019<br \/>\nSitzung des Beirates<\/p>\n<p>25. Mai 2019<br \/>\n<a href=\"http:\/\/www.rv-geilenkirchen.de\/wordpress\/2019\/04\/23\/einladung-zur-jugendversammlung\/\">Jugendversammlung<\/a><\/p>\n<p>18. Juni 2019<br \/>\nAbschlusstraining der rheinischen Jungz\u00fcchter f\u00fcr die Deutschen Meisterschaften<\/p>\n<p>07. Juli 2019<br \/>\n<a href=\"http:\/\/www.rv-geilenkirchen.de\/wordpress\/wp-content\/uploads\/2019\/06\/2019-Voltigieren-Sommer-Herbst.pdf\" target=\"_blank\" rel=\"noopener noreferrer\">Voltigierlehrgang mit Leon H\u00fcsgen<\/a><\/p>\n<p>17. Juli 2019<br \/>\n<a href=\"http:\/\/www.rv-geilenkirchen.de\/wordpress\/wp-content\/uploads\/2019\/07\/CHIO-Kindertag2019.pdf\" target=\"_blank\" rel=\"noopener noreferrer\">Fahrt zum CHIO-Kindertag<\/a><\/p>\n<p>31. Juli 2019<br \/>\n<a href=\"http:\/\/www.rv-geilenkirchen.de\/wordpress\/wp-content\/uploads\/2019\/06\/2019-Voltigieren-Sommer-Herbst.pdf\" target=\"_blank\" rel=\"noopener noreferrer\">Ein Tag im Pferdestall<\/a><\/p>\n<p>23.-24. August 2019<br \/>\n<a href=\"http:\/\/www.rv-geilenkirchen.de\/wordpress\/wp-content\/uploads\/2019\/06\/2019-Voltigieren-Sommer-Herbst.pdf\" target=\"_blank\" rel=\"noopener noreferrer\">Zeltlager der Voltigierer<\/a><\/p>\n<p>30. August 2019<br \/>\n<a href=\"http:\/\/www.rv-geilenkirchen.de\/wordpress\/2019\/08\/16\/grillfest-auf-muthagen-am-30-08-2019\/\">Grillfest<\/a><\/p>\n<p>31. August &#8211; 1. September 2019<br \/>\n<a href=\"http:\/\/www.rv-geilenkirchen.de\/wordpress\/wp-content\/uploads\/2019\/07\/Steckbrief-Gesa.pdf\" target=\"_blank\" rel=\"noopener noreferrer\">Dressurlehrgang mit Gesa von Hatten<\/a><\/p>\n<p>15. September 2019<br \/>\n<a href=\"http:\/\/www.rv-geilenkirchen.de\/wordpress\/wp-content\/uploads\/2019\/08\/TagderoffenenTuer_2019.pdf\" target=\"_blank\" rel=\"noopener noreferrer\">Tag der offenen T\u00fcr<\/a><\/p>\n<p>14.-20. Oktober 2019<br \/>\n<a href=\"http:\/\/www.rv-geilenkirchen.de\/wordpress\/wp-content\/uploads\/2019\/09\/2019-Voltiabzeichen.pdf\" target=\"_blank\" rel=\"noopener noreferrer\">Lehrgang mit Pr\u00fcfung zu den Motivationsabzeichen Voltigieren (VA 10 &amp; VA 9)<\/a><\/p>\n<p>02. November 2019<br \/>\n<a href=\"http:\/\/www.rv-geilenkirchen.de\/wordpress\/2019\/10\/23\/herbstritt-wanderung-am-2-11-2019\/\">Herbstritt &amp; Wanderung f\u00fcr Nicht-Reiter<\/a><\/p>\n<p>01. Dezember 2019<br \/>\n<a href=\"http:\/\/www.rv-geilenkirchen.de\/wordpress\/wp-content\/uploads\/2019\/11\/Zeiteinteilung-Nikolausturnier-2019.pdf\" target=\"_blank\" rel=\"noopener noreferrer\">Nikolausturnier<\/a><\/p>\n<p>11. Dezember 2019<br \/>\nSitzung des Beirates<\/p>\n","protected":false},"excerpt":{"rendered":"<p>16. Januar 2019 Sitzung des Beirates 20. Februar 2019 Sitzung des Beirates 30. M\u00e4rz 2019 Sportmotorischer Test f\u00fcr Voltigierer 06. April 2019 Test-of-choice-Tag mit Sabine Winkens-B\u00e4hr 11. April 2019 Mitgliederversammlung 22. April 2019 Osterbrunch in der Reiterstube 27. April 2019 Anlagenpflege 28. April 2019 Sitzschulung mit Anne Schagen 05. Mai 2019 Stadtmeisterschaft 21. Mai 2019 &hellip; <a href=\"http:\/\/www.rv-geilenkirchen.de\/wordpress\/es-war-einmal-2\/es-war-einmal-2019\/\" class=\"more-link\"><span class=\"screen-reader-text\">Es war einmal &#8211; 2019<\/span> weiterlesen<\/a><\/p>\n","protected":false},"author":2,"featured_media":0,"parent":257,"menu_order":0,"comment_status":"closed","ping_status":"closed","template":"","meta":{"footnotes":""},"wppr_data":{"cwp_meta_box_check":"No"},"_links":{"self":[{"href":"http:\/\/www.rv-geilenkirchen.de\/wordpress\/wp-json\/wp\/v2\/pages\/1128"}],"collection":[{"href":"http:\/\/www.rv-geilenkirchen.de\/wordpress\/wp-json\/wp\/v2\/pages"}],"about":[{"href":"http:\/\/www.rv-geilenkirchen.de\/wordpress\/wp-json\/wp\/v2\/types\/page"}],"author":[{"embeddable":true,"href":"http:\/\/www.rv-geilenkirchen.de\/wordpress\/wp-json\/wp\/v2\/users\/2"}],"replies":[{"embeddable":true,"href":"http:\/\/www.rv-geilenkirchen.de\/wordpress\/wp-json\/wp\/v2\/comments?post=1128"}],"version-history":[{"count":2,"href":"http:\/\/www.rv-geilenkirchen.de\/wordpress\/wp-json\/wp\/v2\/pages\/1128\/revisions"}],"predecessor-version":[{"id":1130,"href":"http:\/\/www.rv-geilenkirchen.de\/wordpress\/wp-json\/wp\/v2\/pages\/1128\/revisions\/1130"}],"up":[{"embeddable":true,"href":"http:\/\/www.rv-geilenkirchen.de\/wordpress\/wp-json\/wp\/v2\/pages\/257"}],"wp:attachment":[{"href":"http:\/\/www.rv-geilenkirchen.de\/wordpress\/wp-json\/wp\/v2\/media?parent=1128"}],"curies":[{"name":"wp","href":"https:\/\/api.w.org\/{rel}","templated":true}]}}